{"id":26,"date":"2022-02-14T15:33:10","date_gmt":"2022-02-14T13:33:10","guid":{"rendered":"https:\/\/kroserg.ee\/?page_id=26"},"modified":"2026-02-17T00:24:42","modified_gmt":"2026-02-16T22:24:42","slug":"meist","status":"publish","type":"page","link":"https:\/\/kroserg.ee\/et\/meist\/","title":{"rendered":"Meist"},"content":{"rendered":"<p>Meil on hea meel tervitada teid meie veebisaidil. Oleme spetsialistide meeskond, kes tegeleb mitmesuguste metallkonstruktsioonide tootmisega. Kroserg O\u00dc on Eesti kapitalil p\u00f5hinev ettev\u00f5te. Oleme oma kogemusi kogunud alates 2000. aastast saadik. Krosergi tiim koosneb inimestest, keda usaldavad nii kohalikud kui ka rahvusvahelised ehitusettev\u00f5tted, metallkonstruktsioonide koostjad ja tootjad.<\/p>\n<p>Spetsialiseerume eritellimustele, teostame nii v\u00e4iksema, kui ka suurema mahulise tellimusi erinevate tootmishoonete, angaaride, ladude, elamute ja b\u00fcroohoonete jaoks. Meie p\u00f5hitegevuseks on metallkonstruktsioonide tootmine, metallit\u00f6\u00f6tlus, keevitust\u00f6\u00f6d. Teostame ka toodetud metallkonstruktsioonide isolatsiooni- ja paigaldust\u00f6id.<\/p>\n<p>Metallkonstruktsioonide tootmine toimub vastavalt Euroopa Liidu standardite n\u00f5uetele, kasutades sertifitseeritud materjale.<\/p>\n<p>Keevitust\u00f6\u00f6deks kasutatakse poolautomaatseid keevitusmasinaid, mis on k\u00f5ige t\u00f5husamad keevitust\u00f6\u00f6riistad.<\/p>\n<p>Territoriaalselt asume Tallinna l\u00e4hedal Kuusalus, Tallinna-Narva maantee k\u00f5rval. Meie tootmispind on 900 ruutmeetrit ja varustatud kahe kraanaga, kokku 10 tonni t\u00f5stej\u00f5uga.<\/p>\n<p>Peame oluliseks kvaliteetset tootmist, tarneaegadest kinnipidamist ja konkurentsiv\u00f5imelist hinnapakkumist.<\/p>\n<p><a href=\"https:\/\/kroserg.ee\/\"><br \/>\nAvaleht<br \/>\n<\/a><br \/>\n<a href=\"https:\/\/kroserg.ee\/en\/gallery\"><br \/>\nPortfolio<br \/>\n<\/a><br \/>\n<a href=\"https:\/\/kroserg.ee\/kontakt\/\"><br \/>\nKontaktid<br \/>\n<\/a><br \/>\n<img loading=\"lazy\" decoding=\"async\" src=\"https:\/\/kroserg.ee\/wp-content\/uploads\/2022\/10\/cropped-cropped-cropped-welding-work-with-metal-construction-busy-metal-factory-scaled-1-1-1-1024x554.jpg\" sizes=\"auto, (max-width: 1024px) 100vw, 1024px\" srcset=\"https:\/\/kroserg.ee\/wp-content\/uploads\/2022\/10\/cropped-cropped-cropped-welding-work-with-metal-construction-busy-metal-factory-scaled-1-1-1-1024x554.jpg 1024w, https:\/\/kroserg.ee\/wp-content\/uploads\/2022\/10\/cropped-cropped-cropped-welding-work-with-metal-construction-busy-metal-factory-scaled-1-1-1-300x162.jpg 300w, https:\/\/kroserg.ee\/wp-content\/uploads\/2022\/10\/cropped-cropped-cropped-welding-work-with-metal-construction-busy-metal-factory-scaled-1-1-1-768x415.jpg 768w, https:\/\/kroserg.ee\/wp-content\/uploads\/2022\/10\/cropped-cropped-cropped-welding-work-with-metal-construction-busy-metal-factory-scaled-1-1-1-1536x830.jpg 1536w, https:\/\/kroserg.ee\/wp-content\/uploads\/2022\/10\/cropped-cropped-cropped-welding-work-with-metal-construction-busy-metal-factory-scaled-1-1-1.jpg 1600w\" alt=\"\" width=\"1024\" height=\"554\"><\/p>\n","protected":false},"excerpt":{"rendered":"<p>Meil on hea meel tervitada teid meie veebisaidil. Oleme spetsialistide meeskond, kes tegeleb mitmesuguste metallkonstruktsioonide tootmisega. Kroserg O\u00dc on Eesti kapitalil p\u00f5hinev ettev\u00f5te. Oleme oma kogemusi kogunud alates 2000. aastast saadik. Krosergi tiim koosneb inimestest, keda usaldavad nii kohalikud kui ka rahvusvahelised ehitusettev\u00f5tted, metallkonstruktsioonide koostjad ja tootjad. Spetsialiseerume eritellimustele, teostame nii v\u00e4iksema, kui ka suurema [&hellip;]<\/p>\n","protected":false},"author":1,"featured_media":0,"parent":0,"menu_order":0,"comment_status":"closed","ping_status":"closed","template":"","meta":{"_acf_changed":false,"ngg_post_thumbnail":0,"_locale":"et","_original_post":"https:\/\/kroserg.ee\/?page_id=26","footnotes":""},"class_list":["post-26","page","type-page","status-publish","hentry","et"],"acf":[],"_links":{"self":[{"href":"https:\/\/kroserg.ee\/wp-json\/wp\/v2\/pages\/26","targetHints":{"allow":["GET"]}}],"collection":[{"href":"https:\/\/kroserg.ee\/wp-json\/wp\/v2\/pages"}],"about":[{"href":"https:\/\/kroserg.ee\/wp-json\/wp\/v2\/types\/page"}],"author":[{"embeddable":true,"href":"https:\/\/kroserg.ee\/wp-json\/wp\/v2\/users\/1"}],"replies":[{"embeddable":true,"href":"https:\/\/kroserg.ee\/wp-json\/wp\/v2\/comments?post=26"}],"version-history":[{"count":27,"href":"https:\/\/kroserg.ee\/wp-json\/wp\/v2\/pages\/26\/revisions"}],"predecessor-version":[{"id":788,"href":"https:\/\/kroserg.ee\/wp-json\/wp\/v2\/pages\/26\/revisions\/788"}],"wp:attachment":[{"href":"https:\/\/kroserg.ee\/wp-json\/wp\/v2\/media?parent=26"}],"curies":[{"name":"wp","href":"https:\/\/api.w.org\/{rel}","templated":true}]}}